{"id":5496,"date":"2025-05-21T19:09:59","date_gmt":"2025-05-21T17:09:59","guid":{"rendered":"https:\/\/thepilatesroomprague.com\/?page_id=5496"},"modified":"2025-11-18T15:37:11","modified_gmt":"2025-11-18T14:37:11","slug":"akce","status":"publish","type":"page","link":"https:\/\/thepilatesroomprague.com\/cs\/akce\/","title":{"rendered":"Akce"},"content":{"rendered":"\t\t<div data-elementor-type=\"wp-page\" data-elementor-id=\"5496\" class=\"elementor elementor-5496\" data-elementor-post-type=\"page\">\n\t\t\t\t\t\t<section class=\"elementor-section elementor-top-section elementor-element elementor-element-faeb2df elementor-section-full_width elementor-section-height-min-height elementor-section-height-default elementor-section-items-middle\" data-id=\"faeb2df\" data-element_type=\"section\" data-e-type=\"section\">\n\t\t\t\t\t\t<div class=\"elementor-container elementor-column-gap-default\">\n\t\t\t\t\t<div class=\"elementor-column elementor-col-100 elementor-top-column elementor-element elementor-element-931e3a5\" data-id=\"931e3a5\" data-element_type=\"column\" data-e-type=\"column\">\n\t\t\t<div class=\"elementor-widget-wrap elementor-element-populated\">\n\t\t\t\t\t\t<div class=\"elementor-element elementor-element-0053d87 elementor-widget elementor-widget-heading\" data-id=\"0053d87\" data-element_type=\"widget\" data-e-type=\"widget\" data-widget_type=\"heading.default\">\n\t\t\t\t<div class=\"elementor-widget-container\">\n\t\t\t\t\t<h1 class=\"elementor-heading-title elementor-size-default\"><a href=\"https:\/\/thepilatesroomprague.com\/events\/\">EN<\/a><\/h1>\t\t\t\t<\/div>\n\t\t\t\t<\/div>\n\t\t\t\t<div class=\"elementor-element elementor-element-2231d6c elementor-align-right elementor-mobile-align-left elementor-widget-mobile__width-initial elementor-widget elementor-widget-button\" data-id=\"2231d6c\" data-element_type=\"widget\" data-e-type=\"widget\" data-widget_type=\"button.default\">\n\t\t\t\t<div class=\"elementor-widget-container\">\n\t\t\t\t\t\t\t\t\t<div class=\"elementor-button-wrapper\">\n\t\t\t\t\t<a class=\"elementor-button elementor-button-link elementor-size-lg elementor-animation-grow\" href=\"https:\/\/thepilatesroomprague.com\/cs\/\">\n\t\t\t\t\t\t<span class=\"elementor-button-content-wrapper\">\n\t\t\t\t\t\t\t\t\t<span class=\"elementor-button-text\">zp\u011bt na hlavn\u00ed str\u00e1nku<\/span>\n\t\t\t\t\t<\/span>\n\t\t\t\t\t<\/a>\n\t\t\t\t<\/div>\n\t\t\t\t\t\t\t\t<\/div>\n\t\t\t\t<\/div>\n\t\t\t\t\t<\/div>\n\t\t<\/div>\n\t\t\t\t\t<\/div>\n\t\t<\/section>\n\t\t\t\t<section class=\"elementor-section elementor-top-section elementor-element elementor-element-6b622c9 elementor-section-full_width elementor-section-height-default elementor-section-height-default\" data-id=\"6b622c9\" data-element_type=\"section\" data-e-type=\"section\" data-settings=\"{&quot;background_background&quot;:&quot;classic&quot;}\">\n\t\t\t\t\t\t<div class=\"elementor-container elementor-column-gap-default\">\n\t\t\t\t\t<div class=\"elementor-column elementor-col-100 elementor-top-column elementor-element elementor-element-5297b49\" data-id=\"5297b49\" data-element_type=\"column\" data-e-type=\"column\">\n\t\t\t<div class=\"elementor-widget-wrap elementor-element-populated\">\n\t\t\t\t\t\t<div class=\"elementor-element elementor-element-1d2b784 elementor-widget elementor-widget-heading\" data-id=\"1d2b784\" data-element_type=\"widget\" data-e-type=\"widget\" data-widget_type=\"heading.default\">\n\t\t\t\t<div class=\"elementor-widget-container\">\n\t\t\t\t\t<h3 class=\"elementor-heading-title elementor-size-default\">Nadch\u00e1zej\u00edc\u00ed ud\u00e1losti<\/h3>\t\t\t\t<\/div>\n\t\t\t\t<\/div>\n\t\t\t\t<section class=\"elementor-section elementor-inner-section elementor-element elementor-element-ccee7db elementor-section-full_width elementor-section-content-top elementor-section-height-default elementor-section-height-default\" data-id=\"ccee7db\" data-element_type=\"section\" data-e-type=\"section\">\n\t\t\t\t\t\t<div class=\"elementor-container elementor-column-gap-no\">\n\t\t\t\t\t<div class=\"elementor-column elementor-col-50 elementor-inner-column elementor-element elementor-element-3381ebc\" data-id=\"3381ebc\" data-element_type=\"column\" data-e-type=\"column\">\n\t\t\t<div class=\"elementor-widget-wrap elementor-element-populated\">\n\t\t\t\t\t\t<div class=\"elementor-element elementor-element-cd27b06 elementor-widget elementor-widget-image\" data-id=\"cd27b06\" data-element_type=\"widget\" data-e-type=\"widget\" data-widget_type=\"image.default\">\n\t\t\t\t<div class=\"elementor-widget-container\">\n\t\t\t\t\t\t\t\t\t\t\t\t\t\t\t<img fetchpriority=\"high\" decoding=\"async\" width=\"800\" height=\"534\" src=\"https:\/\/thepilatesroomprague.com\/wp-content\/uploads\/2024\/11\/pilates_wellness.jpg\" class=\"attachment-large size-large wp-image-5278\" alt=\"\" srcset=\"https:\/\/thepilatesroomprague.com\/wp-content\/uploads\/2024\/11\/pilates_wellness.jpg 1024w, https:\/\/thepilatesroomprague.com\/wp-content\/uploads\/2024\/11\/pilates_wellness-300x200.jpg 300w, https:\/\/thepilatesroomprague.com\/wp-content\/uploads\/2024\/11\/pilates_wellness-768x512.jpg 768w\" sizes=\"(max-width: 800px) 100vw, 800px\" \/>\t\t\t\t\t\t\t\t\t\t\t\t\t\t\t<\/div>\n\t\t\t\t<\/div>\n\t\t\t\t\t<\/div>\n\t\t<\/div>\n\t\t\t\t<div class=\"elementor-column elementor-col-50 elementor-inner-column elementor-element elementor-element-0cb6cbe\" data-id=\"0cb6cbe\" data-element_type=\"column\" data-e-type=\"column\">\n\t\t\t<div class=\"elementor-widget-wrap elementor-element-populated\">\n\t\t\t\t\t\t<div class=\"elementor-element elementor-element-f86aa67 elementor-widget elementor-widget-heading\" data-id=\"f86aa67\" data-element_type=\"widget\" data-e-type=\"widget\" data-widget_type=\"heading.default\">\n\t\t\t\t<div class=\"elementor-widget-container\">\n\t\t\t\t\t<h2 class=\"elementor-heading-title elementor-size-default\">Pilates &amp; Sound Breath<\/h2>\t\t\t\t<\/div>\n\t\t\t\t<\/div>\n\t\t\t\t<div class=\"elementor-element elementor-element-828060e elementor-widget elementor-widget-text-editor\" data-id=\"828060e\" data-element_type=\"widget\" data-e-type=\"widget\" data-widget_type=\"text-editor.default\">\n\t\t\t\t<div class=\"elementor-widget-container\">\n\t\t\t\t\t\t\t\t\t<p>Dop\u0159ej si dopoledne v\u011bnovan\u00e9 p\u00e9\u010di o sv\u00e9 t\u011blo i du\u0161i.<br \/>\u010cek\u00e1 t\u011b pilates lekce s Janou a jedine\u010dn\u00e1 sound breath ceremonie s Na\u010fou, kter\u00e1 ti pom\u016f\u017ee uvolnit nap\u011bt\u00ed, zklidnit mysl a naladit se na vlastn\u00ed t\u011blo.<\/p><p>Za\u010dneme v\u011bdom\u00fdm pohybem \u2013 60minutovou pilates mat class, kter\u00e1 t\u011b kr\u00e1sn\u011b prot\u00e1hne, pos\u00edl\u00ed a nastartuje. N\u00e1sledovat bude sound breath pod veden\u00edm Na\u010fi, b\u011bhem kter\u00e9ho t\u011b uklidn\u00ed vibrace zvuk\u016f, dechov\u00e1 cvi\u010den\u00ed a jemn\u00e9 veden\u00ed k hlubok\u00e9 relaxaci.<\/p>\t\t\t\t\t\t\t\t<\/div>\n\t\t\t\t<\/div>\n\t\t\t\t<div class=\"elementor-element elementor-element-cae9cf6 elementor-widget-divider--view-line elementor-widget elementor-widget-divider\" data-id=\"cae9cf6\" data-element_type=\"widget\" data-e-type=\"widget\" data-widget_type=\"divider.default\">\n\t\t\t\t<div class=\"elementor-widget-container\">\n\t\t\t\t\t\t\t<div class=\"elementor-divider\">\n\t\t\t<span class=\"elementor-divider-separator\">\n\t\t\t\t\t\t<\/span>\n\t\t<\/div>\n\t\t\t\t\t\t<\/div>\n\t\t\t\t<\/div>\n\t\t\t\t<div class=\"elementor-element elementor-element-e3dad35 elementor-widget__width-initial elementor-widget elementor-widget-text-editor\" data-id=\"e3dad35\" data-element_type=\"widget\" data-e-type=\"widget\" data-widget_type=\"text-editor.default\">\n\t\t\t\t<div class=\"elementor-widget-container\">\n\t\t\t\t\t\t\t\t\t<h5>Datum:<\/h5><p>07. 12. 2025<\/p><h5>M\u00edsto:<\/h5><p>SmetanaQ Gallery<\/p><h5>Cena:<\/h5><p><strong>1100 K\u010d\u00a0<\/strong><\/p><p>S sebou: vlastn\u00ed podlo\u017eku na cvi\u010den\u00ed (na m\u00edst\u011b mo\u017enost odlo\u017een\u00ed v\u011bc\u00ed).<\/p>\t\t\t\t\t\t\t\t<\/div>\n\t\t\t\t<\/div>\n\t\t\t\t<div class=\"elementor-element elementor-element-ae915b0 elementor-widget__width-initial elementor-widget elementor-widget-text-editor\" data-id=\"ae915b0\" data-element_type=\"widget\" data-e-type=\"widget\" data-widget_type=\"text-editor.default\">\n\t\t\t\t<div class=\"elementor-widget-container\">\n\t\t\t\t\t\t\t\t\t<h5>Harmonogram:<\/h5><div>\u2022 9:30 Pilates na podlo\u017ece<br \/>\u2022 10:45 D\u00fdch\u00e1n\u00ed s pomoc\u00ed hudby a sluch\u00e1tek\u00a0<br \/>\u2022 11:45 Ot\u00e1zky &amp; sd\u00edlen\u00ed<\/div>\t\t\t\t\t\t\t\t<\/div>\n\t\t\t\t<\/div>\n\t\t\t\t<div class=\"elementor-element elementor-element-fecabb6 elementor-align-left elementor-mobile-align-justify elementor-widget-mobile__width-initial elementor-tablet-align-justify elementor-widget elementor-widget-button\" data-id=\"fecabb6\" data-element_type=\"widget\" data-e-type=\"widget\" data-widget_type=\"button.default\">\n\t\t\t\t<div class=\"elementor-widget-container\">\n\t\t\t\t\t\t\t\t\t<div class=\"elementor-button-wrapper\">\n\t\t\t\t\t<a class=\"elementor-button elementor-button-link elementor-size-lg elementor-animation-grow\" href=\"https:\/\/thepilatesroomprague.isportsystem.cz\/?op=activity5513&#038;lang=cz\" target=\"_blank\">\n\t\t\t\t\t\t<span class=\"elementor-button-content-wrapper\">\n\t\t\t\t\t\t\t\t\t<span class=\"elementor-button-text\">REZERVACE<\/span>\n\t\t\t\t\t<\/span>\n\t\t\t\t\t<\/a>\n\t\t\t\t<\/div>\n\t\t\t\t\t\t\t\t<\/div>\n\t\t\t\t<\/div>\n\t\t\t\t\t<\/div>\n\t\t<\/div>\n\t\t\t\t\t<\/div>\n\t\t<\/section>\n\t\t\t\t\t<\/div>\n\t\t<\/div>\n\t\t\t\t\t<\/div>\n\t\t<\/section>\n\t\t\t\t<\/div>\n\t\t","protected":false},"excerpt":{"rendered":"<p>EN zp\u011bt na hlavn\u00ed str\u00e1nku Nadch\u00e1zej\u00edc\u00ed ud\u00e1losti Pilates &amp; Sound Breath Dop\u0159ej si dopoledne v\u011bnovan\u00e9 p\u00e9\u010di o sv\u00e9 t\u011blo i du\u0161i.\u010cek\u00e1 t\u011b pilates lekce s Janou a jedine\u010dn\u00e1 sound breath ceremonie s Na\u010fou, kter\u00e1 ti pom\u016f\u017ee uvolnit nap\u011bt\u00ed, zklidnit mysl a naladit se na vlastn\u00ed t\u011blo. Za\u010dneme v\u011bdom\u00fdm pohybem \u2013 60minutovou pilates mat class, kter\u00e1 [&hellip;]<\/p>\n","protected":false},"author":1,"featured_media":0,"parent":0,"menu_order":0,"comment_status":"closed","ping_status":"closed","template":"elementor_canvas","meta":{"footnotes":""},"class_list":["post-5496","page","type-page","status-publish","hentry"],"yoast_head":"<!-- This site is optimized with the Yoast SEO plugin v27.5 - https:\/\/yoast.com\/product\/yoast-seo-wordpress\/ -->\n<title>Akce - The Pilates Room Prague<\/title>\n<meta name=\"robots\" content=\"index, follow, max-snippet:-1, max-image-preview:large, max-video-preview:-1\" \/>\n<link rel=\"canonical\" href=\"https:\/\/thepilatesroomprague.com\/events\/\" \/>\n<meta property=\"og:locale\" content=\"cs_CZ\" \/>\n<meta property=\"og:type\" content=\"article\" \/>\n<meta property=\"og:title\" content=\"Akce - The Pilates Room Prague\" \/>\n<meta property=\"og:description\" content=\"EN zp\u011bt na hlavn\u00ed str\u00e1nku Nadch\u00e1zej\u00edc\u00ed ud\u00e1losti Pilates &amp; Sound Breath Dop\u0159ej si dopoledne v\u011bnovan\u00e9 p\u00e9\u010di o sv\u00e9 t\u011blo i du\u0161i.\u010cek\u00e1 t\u011b pilates lekce s Janou a jedine\u010dn\u00e1 sound breath ceremonie s Na\u010fou, kter\u00e1 ti pom\u016f\u017ee uvolnit nap\u011bt\u00ed, zklidnit mysl a naladit se na vlastn\u00ed t\u011blo. Za\u010dneme v\u011bdom\u00fdm pohybem \u2013 60minutovou pilates mat class, kter\u00e1 [&hellip;]\" \/>\n<meta property=\"og:url\" content=\"https:\/\/thepilatesroomprague.com\/events\/\" \/>\n<meta property=\"og:site_name\" content=\"The Pilates Room Prague\" \/>\n<meta property=\"article:modified_time\" content=\"2025-11-18T14:37:11+00:00\" \/>\n<meta property=\"og:image\" content=\"https:\/\/thepilatesroomprague.com\/wp-content\/uploads\/2024\/11\/pilates_wellness.jpg\" \/>\n\t<meta property=\"og:image:width\" content=\"1024\" \/>\n\t<meta property=\"og:image:height\" content=\"683\" \/>\n\t<meta property=\"og:image:type\" content=\"image\/jpeg\" \/>\n<meta name=\"twitter:card\" content=\"summary_large_image\" \/>\n<meta name=\"twitter:label1\" content=\"Odhadovan\u00e1 doba \u010dten\u00ed\" \/>\n\t<meta name=\"twitter:data1\" content=\"1 minuta\" \/>\n<script type=\"application\/ld+json\" class=\"yoast-schema-graph\">{\"@context\":\"https:\\\/\\\/schema.org\",\"@graph\":[{\"@type\":\"WebPage\",\"@id\":\"https:\\\/\\\/thepilatesroomprague.com\\\/events\\\/\",\"url\":\"https:\\\/\\\/thepilatesroomprague.com\\\/events\\\/\",\"name\":\"Akce - The Pilates Room Prague\",\"isPartOf\":{\"@id\":\"https:\\\/\\\/thepilatesroomprague.com\\\/cs\\\/#website\"},\"primaryImageOfPage\":{\"@id\":\"https:\\\/\\\/thepilatesroomprague.com\\\/events\\\/#primaryimage\"},\"image\":{\"@id\":\"https:\\\/\\\/thepilatesroomprague.com\\\/events\\\/#primaryimage\"},\"thumbnailUrl\":\"https:\\\/\\\/thepilatesroomprague.com\\\/wp-content\\\/uploads\\\/2024\\\/11\\\/pilates_wellness.jpg\",\"datePublished\":\"2025-05-21T17:09:59+00:00\",\"dateModified\":\"2025-11-18T14:37:11+00:00\",\"breadcrumb\":{\"@id\":\"https:\\\/\\\/thepilatesroomprague.com\\\/events\\\/#breadcrumb\"},\"inLanguage\":\"cs\",\"potentialAction\":[{\"@type\":\"ReadAction\",\"target\":[\"https:\\\/\\\/thepilatesroomprague.com\\\/events\\\/\"]}]},{\"@type\":\"ImageObject\",\"inLanguage\":\"cs\",\"@id\":\"https:\\\/\\\/thepilatesroomprague.com\\\/events\\\/#primaryimage\",\"url\":\"https:\\\/\\\/thepilatesroomprague.com\\\/wp-content\\\/uploads\\\/2024\\\/11\\\/pilates_wellness.jpg\",\"contentUrl\":\"https:\\\/\\\/thepilatesroomprague.com\\\/wp-content\\\/uploads\\\/2024\\\/11\\\/pilates_wellness.jpg\"},{\"@type\":\"BreadcrumbList\",\"@id\":\"https:\\\/\\\/thepilatesroomprague.com\\\/events\\\/#breadcrumb\",\"itemListElement\":[{\"@type\":\"ListItem\",\"position\":1,\"name\":\"Home\",\"item\":\"https:\\\/\\\/thepilatesroomprague.com\\\/\"},{\"@type\":\"ListItem\",\"position\":2,\"name\":\"Akce\"}]},{\"@type\":\"WebSite\",\"@id\":\"https:\\\/\\\/thepilatesroomprague.com\\\/cs\\\/#website\",\"url\":\"https:\\\/\\\/thepilatesroomprague.com\\\/cs\\\/\",\"name\":\"The Pilates Room Prague\",\"description\":\"The Pilates Room Prague\",\"publisher\":{\"@id\":\"https:\\\/\\\/thepilatesroomprague.com\\\/cs\\\/#organization\"},\"potentialAction\":[{\"@type\":\"SearchAction\",\"target\":{\"@type\":\"EntryPoint\",\"urlTemplate\":\"https:\\\/\\\/thepilatesroomprague.com\\\/cs\\\/?s={search_term_string}\"},\"query-input\":{\"@type\":\"PropertyValueSpecification\",\"valueRequired\":true,\"valueName\":\"search_term_string\"}}],\"inLanguage\":\"cs\"},{\"@type\":\"Organization\",\"@id\":\"https:\\\/\\\/thepilatesroomprague.com\\\/cs\\\/#organization\",\"name\":\"The Pilates Room Prague\",\"url\":\"https:\\\/\\\/thepilatesroomprague.com\\\/cs\\\/\",\"logo\":{\"@type\":\"ImageObject\",\"inLanguage\":\"cs\",\"@id\":\"https:\\\/\\\/thepilatesroomprague.com\\\/cs\\\/#\\\/schema\\\/logo\\\/image\\\/\",\"url\":\"https:\\\/\\\/thepilatesroomprague.com\\\/wp-content\\\/uploads\\\/2022\\\/02\\\/the_pilates_room_prague_logo_white_rgb.png\",\"contentUrl\":\"https:\\\/\\\/thepilatesroomprague.com\\\/wp-content\\\/uploads\\\/2022\\\/02\\\/the_pilates_room_prague_logo_white_rgb.png\",\"width\":2198,\"height\":769,\"caption\":\"The Pilates Room Prague\"},\"image\":{\"@id\":\"https:\\\/\\\/thepilatesroomprague.com\\\/cs\\\/#\\\/schema\\\/logo\\\/image\\\/\"}}]}<\/script>\n<!-- \/ Yoast SEO plugin. -->","yoast_head_json":{"title":"Akce - The Pilates Room Prague","robots":{"index":"index","follow":"follow","max-snippet":"max-snippet:-1","max-image-preview":"max-image-preview:large","max-video-preview":"max-video-preview:-1"},"canonical":"https:\/\/thepilatesroomprague.com\/events\/","og_locale":"cs_CZ","og_type":"article","og_title":"Akce - The Pilates Room Prague","og_description":"EN zp\u011bt na hlavn\u00ed str\u00e1nku Nadch\u00e1zej\u00edc\u00ed ud\u00e1losti Pilates &amp; Sound Breath Dop\u0159ej si dopoledne v\u011bnovan\u00e9 p\u00e9\u010di o sv\u00e9 t\u011blo i du\u0161i.\u010cek\u00e1 t\u011b pilates lekce s Janou a jedine\u010dn\u00e1 sound breath ceremonie s Na\u010fou, kter\u00e1 ti pom\u016f\u017ee uvolnit nap\u011bt\u00ed, zklidnit mysl a naladit se na vlastn\u00ed t\u011blo. Za\u010dneme v\u011bdom\u00fdm pohybem \u2013 60minutovou pilates mat class, kter\u00e1 [&hellip;]","og_url":"https:\/\/thepilatesroomprague.com\/events\/","og_site_name":"The Pilates Room Prague","article_modified_time":"2025-11-18T14:37:11+00:00","og_image":[{"width":1024,"height":683,"url":"https:\/\/thepilatesroomprague.com\/wp-content\/uploads\/2024\/11\/pilates_wellness.jpg","type":"image\/jpeg"}],"twitter_card":"summary_large_image","twitter_misc":{"Odhadovan\u00e1 doba \u010dten\u00ed":"1 minuta"},"schema":{"@context":"https:\/\/schema.org","@graph":[{"@type":"WebPage","@id":"https:\/\/thepilatesroomprague.com\/events\/","url":"https:\/\/thepilatesroomprague.com\/events\/","name":"Akce - The Pilates Room Prague","isPartOf":{"@id":"https:\/\/thepilatesroomprague.com\/cs\/#website"},"primaryImageOfPage":{"@id":"https:\/\/thepilatesroomprague.com\/events\/#primaryimage"},"image":{"@id":"https:\/\/thepilatesroomprague.com\/events\/#primaryimage"},"thumbnailUrl":"https:\/\/thepilatesroomprague.com\/wp-content\/uploads\/2024\/11\/pilates_wellness.jpg","datePublished":"2025-05-21T17:09:59+00:00","dateModified":"2025-11-18T14:37:11+00:00","breadcrumb":{"@id":"https:\/\/thepilatesroomprague.com\/events\/#breadcrumb"},"inLanguage":"cs","potentialAction":[{"@type":"ReadAction","target":["https:\/\/thepilatesroomprague.com\/events\/"]}]},{"@type":"ImageObject","inLanguage":"cs","@id":"https:\/\/thepilatesroomprague.com\/events\/#primaryimage","url":"https:\/\/thepilatesroomprague.com\/wp-content\/uploads\/2024\/11\/pilates_wellness.jpg","contentUrl":"https:\/\/thepilatesroomprague.com\/wp-content\/uploads\/2024\/11\/pilates_wellness.jpg"},{"@type":"BreadcrumbList","@id":"https:\/\/thepilatesroomprague.com\/events\/#breadcrumb","itemListElement":[{"@type":"ListItem","position":1,"name":"Home","item":"https:\/\/thepilatesroomprague.com\/"},{"@type":"ListItem","position":2,"name":"Akce"}]},{"@type":"WebSite","@id":"https:\/\/thepilatesroomprague.com\/cs\/#website","url":"https:\/\/thepilatesroomprague.com\/cs\/","name":"The Pilates Room Prague","description":"The Pilates Room Prague","publisher":{"@id":"https:\/\/thepilatesroomprague.com\/cs\/#organization"},"potentialAction":[{"@type":"SearchAction","target":{"@type":"EntryPoint","urlTemplate":"https:\/\/thepilatesroomprague.com\/cs\/?s={search_term_string}"},"query-input":{"@type":"PropertyValueSpecification","valueRequired":true,"valueName":"search_term_string"}}],"inLanguage":"cs"},{"@type":"Organization","@id":"https:\/\/thepilatesroomprague.com\/cs\/#organization","name":"The Pilates Room Prague","url":"https:\/\/thepilatesroomprague.com\/cs\/","logo":{"@type":"ImageObject","inLanguage":"cs","@id":"https:\/\/thepilatesroomprague.com\/cs\/#\/schema\/logo\/image\/","url":"https:\/\/thepilatesroomprague.com\/wp-content\/uploads\/2022\/02\/the_pilates_room_prague_logo_white_rgb.png","contentUrl":"https:\/\/thepilatesroomprague.com\/wp-content\/uploads\/2022\/02\/the_pilates_room_prague_logo_white_rgb.png","width":2198,"height":769,"caption":"The Pilates Room Prague"},"image":{"@id":"https:\/\/thepilatesroomprague.com\/cs\/#\/schema\/logo\/image\/"}}]}},"_links":{"self":[{"href":"https:\/\/thepilatesroomprague.com\/cs\/wp-json\/wp\/v2\/pages\/5496","targetHints":{"allow":["GET"]}}],"collection":[{"href":"https:\/\/thepilatesroomprague.com\/cs\/wp-json\/wp\/v2\/pages"}],"about":[{"href":"https:\/\/thepilatesroomprague.com\/cs\/wp-json\/wp\/v2\/types\/page"}],"author":[{"embeddable":true,"href":"https:\/\/thepilatesroomprague.com\/cs\/wp-json\/wp\/v2\/users\/1"}],"replies":[{"embeddable":true,"href":"https:\/\/thepilatesroomprague.com\/cs\/wp-json\/wp\/v2\/comments?post=5496"}],"version-history":[{"count":0,"href":"https:\/\/thepilatesroomprague.com\/cs\/wp-json\/wp\/v2\/pages\/5496\/revisions"}],"wp:attachment":[{"href":"https:\/\/thepilatesroomprague.com\/cs\/wp-json\/wp\/v2\/media?parent=5496"}],"curies":[{"name":"wp","href":"https:\/\/api.w.org\/{rel}","templated":true}]}}